{"id":3,"date":"2025-06-17T08:39:18","date_gmt":"2025-06-17T08:39:18","guid":{"rendered":"https:\/\/golfhaka.fi\/?page_id=3"},"modified":"2025-06-24T08:39:00","modified_gmt":"2025-06-24T08:39:00","slug":"tietosuojaseloste","status":"publish","type":"page","link":"https:\/\/golfhaka.fi\/index.php\/tietosuojaseloste\/","title":{"rendered":"Tietosuojaseloste"},"content":{"rendered":"[vc_row type=&#8221;in_container&#8221; full_screen_row_position=&#8221;middle&#8221; column_margin=&#8221;default&#8221; column_direction=&#8221;default&#8221; column_direction_tablet=&#8221;default&#8221; column_direction_phone=&#8221;default&#8221; scene_position=&#8221;center&#8221; text_color=&#8221;dark&#8221; text_align=&#8221;left&#8221; row_border_radius=&#8221;none&#8221; row_border_radius_applies=&#8221;bg&#8221; overflow=&#8221;visible&#8221; overlay_strength=&#8221;0.3&#8243; gradient_direction=&#8221;left_to_right&#8221; shape_divider_position=&#8221;bottom&#8221; bg_image_animation=&#8221;none&#8221;][vc_column column_padding=&#8221;no-extra-padding&#8221; column_padding_tablet=&#8221;inherit&#8221; column_padding_phone=&#8221;inherit&#8221; column_padding_position=&#8221;all&#8221; column_element_direction_desktop=&#8221;default&#8221; column_element_spacing=&#8221;default&#8221; desktop_text_alignment=&#8221;default&#8221; tablet_text_alignment=&#8221;default&#8221; phone_text_alignment=&#8221;default&#8221; background_color_opacity=&#8221;1&#8243; background_hover_color_opacity=&#8221;1&#8243; column_backdrop_filter=&#8221;none&#8221; column_shadow=&#8221;none&#8221; column_border_radius=&#8221;none&#8221; column_link_target=&#8221;_self&#8221; column_position=&#8221;default&#8221; gradient_direction=&#8221;left_to_right&#8221; overlay_strength=&#8221;0.3&#8243; width=&#8221;1\/4&#8243; tablet_width_inherit=&#8221;default&#8221; animation_type=&#8221;default&#8221; bg_image_animation=&#8221;none&#8221; border_type=&#8221;simple&#8221; column_border_width=&#8221;none&#8221; column_border_style=&#8221;solid&#8221;][\/vc_column][vc_column column_padding=&#8221;no-extra-padding&#8221; column_padding_tablet=&#8221;inherit&#8221; column_padding_phone=&#8221;inherit&#8221; column_padding_position=&#8221;all&#8221; column_element_direction_desktop=&#8221;default&#8221; column_element_spacing=&#8221;default&#8221; desktop_text_alignment=&#8221;default&#8221; tablet_text_alignment=&#8221;default&#8221; phone_text_alignment=&#8221;default&#8221; background_color_opacity=&#8221;1&#8243; background_hover_color_opacity=&#8221;1&#8243; column_backdrop_filter=&#8221;none&#8221; column_shadow=&#8221;none&#8221; column_border_radius=&#8221;none&#8221; column_link_target=&#8221;_self&#8221; column_position=&#8221;default&#8221; gradient_direction=&#8221;left_to_right&#8221; overlay_strength=&#8221;0.3&#8243; width=&#8221;1\/2&#8243; tablet_width_inherit=&#8221;default&#8221; animation_type=&#8221;default&#8221; bg_image_animation=&#8221;none&#8221; border_type=&#8221;simple&#8221; column_border_width=&#8221;none&#8221; column_border_style=&#8221;solid&#8221;][vc_column_text css=&#8221;&#8221; text_direction=&#8221;default&#8221;]\n<p>T\u00e4m\u00e4 on GolfHaka Oy:n EU:n yleisen tietosuoja-asetuksen (GDPR) mukainen rekisteri- ja tietosuojaseloste.<\/p>\n<p>Laadittu 24.5.2025 1.<\/p>\n<h5>REKISTERINPIT\u00c4J\u00c4<\/h5>\n<p>GolfHaka Oy<br \/>Y-tunnus: 3528773-4<br \/>Takomokuja 1 as. 5, 90440 Kempele<br \/>info@golfhaka.fi<\/p>\n<h5>2. REKISTERIN NIMI<\/h5>\n<p>Verkkopalvelun k\u00e4ytt\u00e4j\u00e4rekisteri<\/p>\n<h5>3. OIKEUSPERUSTE JA HENKIL\u00d6TIETOJA K\u00c4SITTELYN TARKOITUS<\/h5>\n<p>EU:n yleisen tietosuoja-asetuksen mukainen oikeusperuste henkil\u00f6tietojen k\u00e4sittelylle on henkil\u00f6n suostumus. Henkil\u00f6tietojen k\u00e4sittelyn tarkoitus on palvelun tarjoaminen, yhteydenpito asiakkaisiin, sek\u00e4 markkinointi.<\/p>\n<h5>4. REKISTERIN TIETOSIS\u00c4LT\u00d6<\/h5>\n<p>Rekisteriin tallennettavat tiedot ovat: henkil\u00f6n nimi, organisaatio\/yritys, verkkoyhteyden IPosoite, tiedot tilatuista palveluista, muut asiakassuhteeseen ja tilattuihin palveluihin liittyv\u00e4t tiedot, sek\u00e4 yhteystiedot (s\u00e4hk\u00f6postiosoite, osoite, ja puhelinnumero)<\/p>\n<h5>5. S\u00c4\u00c4NN\u00d6NMUKAISET TIETOL\u00c4HTEET<\/h5>\n<p>Rekisteriin tallennettavat tiedot saadaan asiakkailta mm. www-lomakkeilla l\u00e4hetetyist\u00e4 viesteist\u00e4, puhelimitse, s\u00e4hk\u00f6postitse, sopimuksista, asiakastapaamisista ja muista tilanteista, joissa asiakas luovuttaa tietojaan.<\/p>\n<h5>6. TIETOJEN S\u00c4\u00c4NN\u00d6NMUKAISET LUOVUTUKSET JA TIETOJEN SIIRTO EU:n TAI ETA:n ULKOPUOLELLE<\/h5>\n<p>Tietoja ei luovuteta s\u00e4\u00e4nn\u00f6nmukaisesti muille tahoille. Tietoja voidaan julkaista silt\u00e4 osin kuin niin on sovittu asiakkaan kanssa.<\/p>\n<h5>7. REKISTERIN SUOJAUKSEN PERIAATTEET<\/h5>\n<p>Rekisterin k\u00e4sittelyss\u00e4 noudatetaan huolellisuutta ja tietoj\u00e4rjestelmien avulla k\u00e4sitelt\u00e4v\u00e4t tiedot suojataan asianmukaisesti. Kun rekisteritietoja s\u00e4ilytet\u00e4\u00e4n Internet-palvelimilla, niiden laitteiston fyysisest\u00e4 ja digitaalisesta tietoturvasta huolehditaan asiaankuuluvasti. Rekisterinpit\u00e4j\u00e4 huolehtii siit\u00e4, ett\u00e4 tallennettuja tietoja, sek\u00e4 palvelinten k\u00e4ytt\u00f6oikeuksia ja muita henkil\u00f6tietojen turvallisuuden kannalta kriittisi\u00e4 tietoja k\u00e4sitell\u00e4\u00e4n luottamuksellisesti vain niiden ty\u00f6ntekij\u00f6iden toimesta, joiden ty\u00f6nkuvaan se kuuluu.<\/p>\n<h5>8. TARKASTUSOIKEUS JA OIKEUS VAATIA TIEDON KORJAAMISTA<\/h5>\n<p>Jokaisella rekisteriss\u00e4 olevalla henkil\u00f6ll\u00e4 on oikeus tarkistaa rekisteriin tallennetut tietonsa ja vaatia mahdollisen virheellisen tiedon korjaamista tai puutteellisen tiedon t\u00e4ydent\u00e4mist\u00e4. Mik\u00e4li henkil\u00f6 haluaa tarkistaa h\u00e4nest\u00e4 tallennetut tiedot ja vaatia niihin oikaisua, pyynt\u00f6 tulee l\u00e4hett\u00e4\u00e4 kirjallisesti rekisterinpit\u00e4j\u00e4lle. Rekisterinpit\u00e4j\u00e4 voi tarvittaessa pyyt\u00e4\u00e4 pyynn\u00f6n esitt\u00e4j\u00e4\u00e4 todistamaan henkil\u00f6llisyytens\u00e4. Rekisterinpit\u00e4j\u00e4 vastaa asiakkaalle EU:n tietosuojaasetuksessa s\u00e4\u00e4detyss\u00e4 ajassa (p\u00e4\u00e4s\u00e4\u00e4nt\u00f6isesti kuukauden kuluessa).<\/p>\n<h5>9. MUUT HENKIL\u00d6TIETOJEN K\u00c4SITTELYN LIITTYV\u00c4T OIKEUDET<\/h5>\n<p>Rekisteriss\u00e4 olevalla henkil\u00f6ll\u00e4 on oikeus pyyt\u00e4\u00e4 h\u00e4nt\u00e4 koskevien henkil\u00f6tietojen poistamiseen rekisterist\u00e4 (\u201coikeus tulla unohdetuksi\u201d). Niin ik\u00e4\u00e4n rekister\u00f6idyill\u00e4 on muut EU:n yleisen tietosuoja-asetuksen mukaiset oikeudet kuten henkil\u00f6tietojen k\u00e4sittelyn rajoittaminen tietyiss\u00e4 tilanteissa. Pyynn\u00f6t tulee l\u00e4hett\u00e4\u00e4 kirjallisesti rekisterinpit\u00e4j\u00e4lle. Rekisterinpit\u00e4j\u00e4 voi tarvittaessa pyyt\u00e4\u00e4 pyynn\u00f6n esitt\u00e4j\u00e4\u00e4 todistamaan henkil\u00f6llisyytens\u00e4. Rekisterinpit\u00e4j\u00e4 vastaa asiakkaalle EU:n tietosuojaasetuksessa s\u00e4\u00e4detyss\u00e4 ajassa (p\u00e4\u00e4s\u00e4\u00e4nt\u00f6isesti kuukauden kuluessa).<\/p>\n[\/vc_column_text][\/vc_column][vc_column column_padding=&#8221;no-extra-padding&#8221; column_padding_tablet=&#8221;inherit&#8221; column_padding_phone=&#8221;inherit&#8221; column_padding_position=&#8221;all&#8221; column_element_direction_desktop=&#8221;default&#8221; column_element_spacing=&#8221;default&#8221; desktop_text_alignment=&#8221;default&#8221; tablet_text_alignment=&#8221;default&#8221; phone_text_alignment=&#8221;default&#8221; background_color_opacity=&#8221;1&#8243; background_hover_color_opacity=&#8221;1&#8243; column_backdrop_filter=&#8221;none&#8221; column_shadow=&#8221;none&#8221; column_border_radius=&#8221;none&#8221; column_link_target=&#8221;_self&#8221; column_position=&#8221;default&#8221; gradient_direction=&#8221;left_to_right&#8221; overlay_strength=&#8221;0.3&#8243; width=&#8221;1\/4&#8243; tablet_width_inherit=&#8221;default&#8221; animation_type=&#8221;default&#8221; bg_image_animation=&#8221;none&#8221; border_type=&#8221;simple&#8221; column_border_width=&#8221;none&#8221; column_border_style=&#8221;solid&#8221;][\/vc_column][\/vc_row]\n","protected":false},"excerpt":{"rendered":"<p>[vc_row type=&#8221;in_container&#8221; full_screen_row_position=&#8221;middle&#8221; column_margin=&#8221;default&#8221; column_direction=&#8221;default&#8221; column_direction_tablet=&#8221;default&#8221; column_direction_phone=&#8221;default&#8221; scene_position=&#8221;center&#8221; text_color=&#8221;dark&#8221; text_align=&#8221;left&#8221; row_border_radius=&#8221;none&#8221; row_border_radius_applies=&#8221;bg&#8221; overflow=&#8221;visible&#8221; overlay_strength=&#8221;0.3&#8243; gradient_direction=&#8221;left_to_right&#8221; shape_divider_position=&#8221;bottom&#8221; bg_image_animation=&#8221;none&#8221;][vc_column column_padding=&#8221;no-extra-padding&#8221; column_padding_tablet=&#8221;inherit&#8221; column_padding_phone=&#8221;inherit&#8221; column_padding_position=&#8221;all&#8221; column_element_direction_desktop=&#8221;default&#8221; column_element_spacing=&#8221;default&#8221; desktop_text_alignment=&#8221;default&#8221; tablet_text_alignment=&#8221;default&#8221; phone_text_alignment=&#8221;default&#8221; background_color_opacity=&#8221;1&#8243; background_hover_color_opacity=&#8221;1&#8243; column_backdrop_filter=&#8221;none&#8221; column_shadow=&#8221;none&#8221;&#8230;<\/p>\n","protected":false},"author":1,"featured_media":0,"parent":0,"menu_order":0,"comment_status":"closed","ping_status":"open","template":"","meta":{"footnotes":""},"class_list":["post-3","page","type-page","status-publish"],"yoast_head":"<!-- This site is optimized with the Yoast SEO plugin v25.5 - https:\/\/yoast.com\/wordpress\/plugins\/seo\/ -->\n<title>Tietosuojaseloste - GolfHaka<\/title>\n<meta name=\"description\" content=\"Tule nauttimaan peleist\u00e4 tai hiomaan svingi\u00e4si kuntoon Hakamaalle huipputason ProTee VX -golf-simulaattorilla! Markkinoiden tarkimpiin kuuluva simulaattori yhdess\u00e4 korkean tilan kanssa tarjoaa todella realistisen pelikokemuksen.\" \/>\n<meta name=\"robots\" content=\"index, follow, max-snippet:-1, max-image-preview:large, max-video-preview:-1\" \/>\n<link rel=\"canonical\" href=\"https:\/\/golfhaka.fi\/index.php\/tietosuojaseloste\/\" \/>\n<meta property=\"og:locale\" content=\"fi_FI\" \/>\n<meta property=\"og:type\" content=\"article\" \/>\n<meta property=\"og:title\" content=\"Tietosuojaseloste - GolfHaka\" \/>\n<meta property=\"og:description\" content=\"Tule nauttimaan peleist\u00e4 tai hiomaan svingi\u00e4si kuntoon Hakamaalle huipputason ProTee VX -golf-simulaattorilla! Markkinoiden tarkimpiin kuuluva simulaattori yhdess\u00e4 korkean tilan kanssa tarjoaa todella realistisen pelikokemuksen.\" \/>\n<meta property=\"og:url\" content=\"https:\/\/golfhaka.fi\/index.php\/tietosuojaseloste\/\" \/>\n<meta property=\"og:site_name\" content=\"GolfHaka\" \/>\n<meta property=\"article:modified_time\" content=\"2025-06-24T08:39:00+00:00\" \/>\n<meta property=\"og:image\" content=\"https:\/\/golfhaka.fi\/wp-content\/uploads\/2025\/07\/Golf-simulaattori-kempele.jpg\" \/>\n\t<meta property=\"og:image:width\" content=\"1200\" \/>\n\t<meta property=\"og:image:height\" content=\"675\" \/>\n\t<meta property=\"og:image:type\" content=\"image\/jpeg\" \/>\n<meta name=\"twitter:card\" content=\"summary_large_image\" \/>\n<meta name=\"twitter:label1\" content=\"Arvioitu lukuaika\" \/>\n\t<meta name=\"twitter:data1\" content=\"2 minuuttia\" \/>\n<script type=\"application\/ld+json\" class=\"yoast-schema-graph\">{\"@context\":\"https:\/\/schema.org\",\"@graph\":[{\"@type\":\"WebPage\",\"@id\":\"https:\/\/golfhaka.fi\/index.php\/tietosuojaseloste\/\",\"url\":\"https:\/\/golfhaka.fi\/index.php\/tietosuojaseloste\/\",\"name\":\"Tietosuojaseloste - GolfHaka\",\"isPartOf\":{\"@id\":\"https:\/\/golfhaka.fi\/#website\"},\"datePublished\":\"2025-06-17T08:39:18+00:00\",\"dateModified\":\"2025-06-24T08:39:00+00:00\",\"description\":\"Tule nauttimaan peleist\u00e4 tai hiomaan svingi\u00e4si kuntoon Hakamaalle huipputason ProTee VX -golf-simulaattorilla! Markkinoiden tarkimpiin kuuluva simulaattori yhdess\u00e4 korkean tilan kanssa tarjoaa todella realistisen pelikokemuksen.\",\"breadcrumb\":{\"@id\":\"https:\/\/golfhaka.fi\/index.php\/tietosuojaseloste\/#breadcrumb\"},\"inLanguage\":\"fi\",\"potentialAction\":[{\"@type\":\"ReadAction\",\"target\":[\"https:\/\/golfhaka.fi\/index.php\/tietosuojaseloste\/\"]}]},{\"@type\":\"BreadcrumbList\",\"@id\":\"https:\/\/golfhaka.fi\/index.php\/tietosuojaseloste\/#breadcrumb\",\"itemListElement\":[{\"@type\":\"ListItem\",\"position\":1,\"name\":\"Etusivu\",\"item\":\"https:\/\/golfhaka.fi\/\"},{\"@type\":\"ListItem\",\"position\":2,\"name\":\"Tietosuojaseloste\"}]},{\"@type\":\"WebSite\",\"@id\":\"https:\/\/golfhaka.fi\/#website\",\"url\":\"https:\/\/golfhaka.fi\/\",\"name\":\"GolfHaka\",\"description\":\"ProTee VX -golfsimulaattori\",\"publisher\":{\"@id\":\"https:\/\/golfhaka.fi\/#organization\"},\"alternateName\":\"GolfHaka golfsimulaattori\",\"potentialAction\":[{\"@type\":\"SearchAction\",\"target\":{\"@type\":\"EntryPoint\",\"urlTemplate\":\"https:\/\/golfhaka.fi\/?s={search_term_string}\"},\"query-input\":{\"@type\":\"PropertyValueSpecification\",\"valueRequired\":true,\"valueName\":\"search_term_string\"}}],\"inLanguage\":\"fi\"},{\"@type\":\"Organization\",\"@id\":\"https:\/\/golfhaka.fi\/#organization\",\"name\":\"GolfHaka Oy\",\"alternateName\":\"GolfHaka Oy golfsimulaattori\",\"url\":\"https:\/\/golfhaka.fi\/\",\"logo\":{\"@type\":\"ImageObject\",\"inLanguage\":\"fi\",\"@id\":\"https:\/\/golfhaka.fi\/#\/schema\/logo\/image\/\",\"url\":\"https:\/\/golfhaka.fi\/wp-content\/uploads\/2025\/06\/GolfHaka-Logo-SEO.png\",\"contentUrl\":\"https:\/\/golfhaka.fi\/wp-content\/uploads\/2025\/06\/GolfHaka-Logo-SEO.png\",\"width\":696,\"height\":696,\"caption\":\"GolfHaka Oy\"},\"image\":{\"@id\":\"https:\/\/golfhaka.fi\/#\/schema\/logo\/image\/\"}}]}<\/script>\n<!-- \/ Yoast SEO plugin. -->","yoast_head_json":{"title":"Tietosuojaseloste - GolfHaka","description":"Tule nauttimaan peleist\u00e4 tai hiomaan svingi\u00e4si kuntoon Hakamaalle huipputason ProTee VX -golf-simulaattorilla! Markkinoiden tarkimpiin kuuluva simulaattori yhdess\u00e4 korkean tilan kanssa tarjoaa todella realistisen pelikokemuksen.","robots":{"index":"index","follow":"follow","max-snippet":"max-snippet:-1","max-image-preview":"max-image-preview:large","max-video-preview":"max-video-preview:-1"},"canonical":"https:\/\/golfhaka.fi\/index.php\/tietosuojaseloste\/","og_locale":"fi_FI","og_type":"article","og_title":"Tietosuojaseloste - GolfHaka","og_description":"Tule nauttimaan peleist\u00e4 tai hiomaan svingi\u00e4si kuntoon Hakamaalle huipputason ProTee VX -golf-simulaattorilla! Markkinoiden tarkimpiin kuuluva simulaattori yhdess\u00e4 korkean tilan kanssa tarjoaa todella realistisen pelikokemuksen.","og_url":"https:\/\/golfhaka.fi\/index.php\/tietosuojaseloste\/","og_site_name":"GolfHaka","article_modified_time":"2025-06-24T08:39:00+00:00","og_image":[{"width":1200,"height":675,"url":"https:\/\/golfhaka.fi\/wp-content\/uploads\/2025\/07\/Golf-simulaattori-kempele.jpg","type":"image\/jpeg"}],"twitter_card":"summary_large_image","twitter_misc":{"Arvioitu lukuaika":"2 minuuttia"},"schema":{"@context":"https:\/\/schema.org","@graph":[{"@type":"WebPage","@id":"https:\/\/golfhaka.fi\/index.php\/tietosuojaseloste\/","url":"https:\/\/golfhaka.fi\/index.php\/tietosuojaseloste\/","name":"Tietosuojaseloste - GolfHaka","isPartOf":{"@id":"https:\/\/golfhaka.fi\/#website"},"datePublished":"2025-06-17T08:39:18+00:00","dateModified":"2025-06-24T08:39:00+00:00","description":"Tule nauttimaan peleist\u00e4 tai hiomaan svingi\u00e4si kuntoon Hakamaalle huipputason ProTee VX -golf-simulaattorilla! Markkinoiden tarkimpiin kuuluva simulaattori yhdess\u00e4 korkean tilan kanssa tarjoaa todella realistisen pelikokemuksen.","breadcrumb":{"@id":"https:\/\/golfhaka.fi\/index.php\/tietosuojaseloste\/#breadcrumb"},"inLanguage":"fi","potentialAction":[{"@type":"ReadAction","target":["https:\/\/golfhaka.fi\/index.php\/tietosuojaseloste\/"]}]},{"@type":"BreadcrumbList","@id":"https:\/\/golfhaka.fi\/index.php\/tietosuojaseloste\/#breadcrumb","itemListElement":[{"@type":"ListItem","position":1,"name":"Etusivu","item":"https:\/\/golfhaka.fi\/"},{"@type":"ListItem","position":2,"name":"Tietosuojaseloste"}]},{"@type":"WebSite","@id":"https:\/\/golfhaka.fi\/#website","url":"https:\/\/golfhaka.fi\/","name":"GolfHaka","description":"ProTee VX -golfsimulaattori","publisher":{"@id":"https:\/\/golfhaka.fi\/#organization"},"alternateName":"GolfHaka golfsimulaattori","potentialAction":[{"@type":"SearchAction","target":{"@type":"EntryPoint","urlTemplate":"https:\/\/golfhaka.fi\/?s={search_term_string}"},"query-input":{"@type":"PropertyValueSpecification","valueRequired":true,"valueName":"search_term_string"}}],"inLanguage":"fi"},{"@type":"Organization","@id":"https:\/\/golfhaka.fi\/#organization","name":"GolfHaka Oy","alternateName":"GolfHaka Oy golfsimulaattori","url":"https:\/\/golfhaka.fi\/","logo":{"@type":"ImageObject","inLanguage":"fi","@id":"https:\/\/golfhaka.fi\/#\/schema\/logo\/image\/","url":"https:\/\/golfhaka.fi\/wp-content\/uploads\/2025\/06\/GolfHaka-Logo-SEO.png","contentUrl":"https:\/\/golfhaka.fi\/wp-content\/uploads\/2025\/06\/GolfHaka-Logo-SEO.png","width":696,"height":696,"caption":"GolfHaka Oy"},"image":{"@id":"https:\/\/golfhaka.fi\/#\/schema\/logo\/image\/"}}]}},"_links":{"self":[{"href":"https:\/\/golfhaka.fi\/index.php\/wp-json\/wp\/v2\/pages\/3","targetHints":{"allow":["GET"]}}],"collection":[{"href":"https:\/\/golfhaka.fi\/index.php\/wp-json\/wp\/v2\/pages"}],"about":[{"href":"https:\/\/golfhaka.fi\/index.php\/wp-json\/wp\/v2\/types\/page"}],"author":[{"embeddable":true,"href":"https:\/\/golfhaka.fi\/index.php\/wp-json\/wp\/v2\/users\/1"}],"replies":[{"embeddable":true,"href":"https:\/\/golfhaka.fi\/index.php\/wp-json\/wp\/v2\/comments?post=3"}],"version-history":[{"count":1,"href":"https:\/\/golfhaka.fi\/index.php\/wp-json\/wp\/v2\/pages\/3\/revisions"}],"predecessor-version":[{"id":161,"href":"https:\/\/golfhaka.fi\/index.php\/wp-json\/wp\/v2\/pages\/3\/revisions\/161"}],"wp:attachment":[{"href":"https:\/\/golfhaka.fi\/index.php\/wp-json\/wp\/v2\/media?parent=3"}],"curies":[{"name":"wp","href":"https:\/\/api.w.org\/{rel}","templated":true}]}}